{"id":417,"date":"2025-01-03T13:21:41","date_gmt":"2025-01-03T12:21:41","guid":{"rendered":"https:\/\/tinytownacademy.com\/?page_id=417"},"modified":"2025-01-29T15:02:18","modified_gmt":"2025-01-29T14:02:18","slug":"quienes-somos","status":"publish","type":"page","link":"https:\/\/tinytownacademy.com\/en\/quienes-somos\/","title":{"rendered":"ABOUT US"},"content":{"rendered":"<div data-elementor-type=\"wp-page\" data-elementor-id=\"417\" class=\"elementor elementor-417\" data-elementor-post-type=\"page\">\n\t\t\t\t<div class=\"elementor-element elementor-element-f563e6a e-flex e-con-boxed elementor-invisible e-con e-parent\" data-id=\"f563e6a\" data-element_type=\"container\" data-settings=\"{&quot;background_background&quot;:&quot;classic&quot;,&quot;animation&quot;:&quot;fadeIn&quot;}\">\n\t\t\t\t\t<div class=\"e-con-inner\">\n\t\t\t\t<div class=\"elementor-element elementor-element-aeb7edd elementor-widget elementor-widget-heading\" data-id=\"aeb7edd\" data-element_type=\"widget\" data-widget_type=\"heading.default\">\n\t\t\t\t<div class=\"elementor-widget-container\">\n\t\t\t\t\t<h2 class=\"elementor-heading-title elementor-size-default\">Meet Tiny Town Academy\n<\/h2>\t\t\t\t<\/div>\n\t\t\t\t<\/div>\n\t\t\t\t<div class=\"elementor-element elementor-element-04bd2d5 elementor-widget elementor-widget-heading\" data-id=\"04bd2d5\" data-element_type=\"widget\" data-widget_type=\"heading.default\">\n\t\t\t\t<div class=\"elementor-widget-container\">\n\t\t\t\t\t<h1 class=\"elementor-heading-title elementor-size-default\">A place where children learn, play and grow in a family-friendly and bilingual environment<\/h1>\t\t\t\t<\/div>\n\t\t\t\t<\/div>\n\t\t\t\t\t<\/div>\n\t\t\t\t<\/div>\n\t\t<div class=\"elementor-element elementor-element-b61bddf e-flex e-con-boxed elementor-invisible e-con e-parent\" data-id=\"b61bddf\" data-element_type=\"container\" data-settings=\"{&quot;animation&quot;:&quot;fadeInLeft&quot;}\">\n\t\t\t\t\t<div class=\"e-con-inner\">\n\t\t<div class=\"elementor-element elementor-element-5116cf5 e-con-full e-flex e-con e-child\" data-id=\"5116cf5\" data-element_type=\"container\">\n\t\t\t\t<div class=\"elementor-element elementor-element-0b2dcdd elementor-widget elementor-widget-heading\" data-id=\"0b2dcdd\" data-element_type=\"widget\" data-widget_type=\"heading.default\">\n\t\t\t\t<div class=\"elementor-widget-container\">\n\t\t\t\t\t<h3 class=\"elementor-heading-title elementor-size-default\">Our history\n<\/h3>\t\t\t\t<\/div>\n\t\t\t\t<\/div>\n\t\t\t\t<div class=\"elementor-element elementor-element-72d5345 elementor-widget elementor-widget-text-editor\" data-id=\"72d5345\" data-element_type=\"widget\" data-widget_type=\"text-editor.default\">\n\t\t\t\t<div class=\"elementor-widget-container\">\n\t\t\t\t\t\t\t\t\t<p>We opened our doors shortly after the pandemic in 2020, founded by Rina and Amy\u2014a cheerful mother-and-daughter duo with a passion for creating magical childhood experiences. With the support of our fantastic team of educators, we\u2019ve grown into a vibrant nursery where little ones love to play, learn, and explore.<\/p><p>As a brand-new nursery, we took a little time to get going, but now we\u2019re thriving and\ncouldn\u2019t be more excited to welcome new families each year. At Tiny Town, every day is filled\nwith laughter, creativity, and the joy of growing together!<\/p>\t\t\t\t\t\t\t\t<\/div>\n\t\t\t\t<\/div>\n\t\t\t\t<\/div>\n\t\t<div class=\"elementor-element elementor-element-a49d3dc e-con-full elementor-hidden-mobile e-flex e-con e-child\" data-id=\"a49d3dc\" data-element_type=\"container\">\n\t\t\t\t<div class=\"elementor-element elementor-element-7e04dbd elementor-widget elementor-widget-image\" data-id=\"7e04dbd\" data-element_type=\"widget\" data-widget_type=\"image.default\">\n\t\t\t\t<div class=\"elementor-widget-container\">\n\t\t\t\t\t\t\t\t\t\t\t\t\t\t\t<img fetchpriority=\"high\" decoding=\"async\" width=\"800\" height=\"800\" src=\"https:\/\/tinytownacademy.com\/wp-content\/uploads\/2025\/01\/124680813_129087248965888_1630173275905100827_n-1.webp\" class=\"attachment-large size-large wp-image-497\" alt=\"\" srcset=\"https:\/\/tinytownacademy.com\/wp-content\/uploads\/2025\/01\/124680813_129087248965888_1630173275905100827_n-1.webp 1024w, https:\/\/tinytownacademy.com\/wp-content\/uploads\/2025\/01\/124680813_129087248965888_1630173275905100827_n-1-300x300.webp 300w, https:\/\/tinytownacademy.com\/wp-content\/uploads\/2025\/01\/124680813_129087248965888_1630173275905100827_n-1-150x150.webp 150w, https:\/\/tinytownacademy.com\/wp-content\/uploads\/2025\/01\/124680813_129087248965888_1630173275905100827_n-1-768x768.webp 768w\" sizes=\"(max-width: 800px) 100vw, 800px\" \/>\t\t\t\t\t\t\t\t\t\t\t\t\t\t\t<\/div>\n\t\t\t\t<\/div>\n\t\t\t\t<\/div>\n\t\t\t\t\t<\/div>\n\t\t\t\t<\/div>\n\t\t<div class=\"elementor-element elementor-element-7490dae e-flex e-con-boxed elementor-invisible e-con e-parent\" data-id=\"7490dae\" data-element_type=\"container\" data-settings=\"{&quot;animation&quot;:&quot;fadeInRight&quot;}\">\n\t\t\t\t\t<div class=\"e-con-inner\">\n\t\t<div class=\"elementor-element elementor-element-f276d8e e-con-full e-flex e-con e-child\" data-id=\"f276d8e\" data-element_type=\"container\">\n\t\t\t\t<div class=\"elementor-element elementor-element-d27b12a elementor-widget elementor-widget-heading\" data-id=\"d27b12a\" data-element_type=\"widget\" data-widget_type=\"heading.default\">\n\t\t\t\t<div class=\"elementor-widget-container\">\n\t\t\t\t\t<h3 class=\"elementor-heading-title elementor-size-default\">Mission and vision<\/h3>\t\t\t\t<\/div>\n\t\t\t\t<\/div>\n\t\t\t\t<div class=\"elementor-element elementor-element-e509a18 elementor-widget elementor-widget-text-editor\" data-id=\"e509a18\" data-element_type=\"widget\" data-widget_type=\"text-editor.default\">\n\t\t\t\t<div class=\"elementor-widget-container\">\n\t\t\t\t\t\t\t\t\t<p>Our mission at Tiny Town Academy is to create a nurturing, safe, and fun environment where children feel at home. We are dedicated to supporting every child's unique growth journey through our learn-through-play approach. By fostering creativity, curiosity, and a love for learning, we aim to help each child build the confidence and skills they need to thrive.<\/p><p>We envision a community where children are inspired to explore their individuality and creativity while embracing diversity and cultural understanding through our bilingual programs. Our goal is to become a trusted, vibrant space for families, where both children and parents feel supported and celebrated every step of the way.<\/p>\t\t\t\t\t\t\t\t<\/div>\n\t\t\t\t<\/div>\n\t\t\t\t<\/div>\n\t\t<div class=\"elementor-element elementor-element-57cb694 e-con-full e-flex e-con e-child\" data-id=\"57cb694\" data-element_type=\"container\">\n\t\t\t\t<div class=\"elementor-element elementor-element-7f146c7 elementor-widget elementor-widget-image\" data-id=\"7f146c7\" data-element_type=\"widget\" data-widget_type=\"image.default\">\n\t\t\t\t<div class=\"elementor-widget-container\">\n\t\t\t\t\t\t\t\t\t\t\t\t\t\t\t<img decoding=\"async\" width=\"800\" height=\"800\" src=\"https:\/\/tinytownacademy.com\/wp-content\/uploads\/2025\/01\/324728680_488420133363291_6195414771549358412_n-1024x1024.webp\" class=\"attachment-large size-large wp-image-1259\" alt=\"\" srcset=\"https:\/\/tinytownacademy.com\/wp-content\/uploads\/2025\/01\/324728680_488420133363291_6195414771549358412_n-1024x1024.webp 1024w, https:\/\/tinytownacademy.com\/wp-content\/uploads\/2025\/01\/324728680_488420133363291_6195414771549358412_n-300x300.webp 300w, https:\/\/tinytownacademy.com\/wp-content\/uploads\/2025\/01\/324728680_488420133363291_6195414771549358412_n-150x150.webp 150w, https:\/\/tinytownacademy.com\/wp-content\/uploads\/2025\/01\/324728680_488420133363291_6195414771549358412_n-768x768.webp 768w, https:\/\/tinytownacademy.com\/wp-content\/uploads\/2025\/01\/324728680_488420133363291_6195414771549358412_n-12x12.webp 12w, https:\/\/tinytownacademy.com\/wp-content\/uploads\/2025\/01\/324728680_488420133363291_6195414771549358412_n.webp 1080w\" sizes=\"(max-width: 800px) 100vw, 800px\" \/>\t\t\t\t\t\t\t\t\t\t\t\t\t\t\t<\/div>\n\t\t\t\t<\/div>\n\t\t\t\t<\/div>\n\t\t\t\t\t<\/div>\n\t\t\t\t<\/div>\n\t\t<div class=\"elementor-element elementor-element-dcaccf0 e-con-full e-flex e-con e-parent\" data-id=\"dcaccf0\" data-element_type=\"container\" data-settings=\"{&quot;background_background&quot;:&quot;classic&quot;}\">\n\t\t\t\t<div class=\"elementor-element elementor-element-d17b01d elementor-widget__width-initial elementor-widget elementor-widget-heading\" data-id=\"d17b01d\" data-element_type=\"widget\" data-widget_type=\"heading.default\">\n\t\t\t\t<div class=\"elementor-widget-container\">\n\t\t\t\t\t<h2 class=\"elementor-heading-title elementor-size-default\">Discover why so many families trust Tiny Town Academy for the care and development of their little ones<\/h2>\t\t\t\t<\/div>\n\t\t\t\t<\/div>\n\t\t\t\t<div class=\"elementor-element elementor-element-4d52bd4 elementor-align-center elementor-widget elementor-widget-button\" data-id=\"4d52bd4\" data-element_type=\"widget\" data-widget_type=\"button.default\">\n\t\t\t\t<div class=\"elementor-widget-container\">\n\t\t\t\t\t\t\t\t\t<div class=\"elementor-button-wrapper\">\n\t\t\t\t\t<a class=\"elementor-button elementor-button-link elementor-size-sm\" href=\"https:\/\/tinytownacademy.com\/en\/contacto\/\">\n\t\t\t\t\t\t<span class=\"elementor-button-content-wrapper\">\n\t\t\t\t\t\t\t\t\t<span class=\"elementor-button-text\">Schedule a visit<\/span>\n\t\t\t\t\t<\/span>\n\t\t\t\t\t<\/a>\n\t\t\t\t<\/div>\n\t\t\t\t\t\t\t\t<\/div>\n\t\t\t\t<\/div>\n\t\t\t\t<\/div>\n\t\t<div class=\"elementor-element elementor-element-d7e14f6 e-flex e-con-boxed e-con e-parent\" data-id=\"d7e14f6\" data-element_type=\"container\">\n\t\t\t\t\t<div class=\"e-con-inner\">\n\t\t\t\t<div class=\"elementor-element elementor-element-127a869 elementor-widget elementor-widget-heading\" data-id=\"127a869\" data-element_type=\"widget\" data-widget_type=\"heading.default\">\n\t\t\t\t<div class=\"elementor-widget-container\">\n\t\t\t\t\t<h2 class=\"elementor-heading-title elementor-size-default\">Excellence Awards of Calvi\u00e0 2024<\/h2>\t\t\t\t<\/div>\n\t\t\t\t<\/div>\n\t\t\t\t<div class=\"elementor-element elementor-element-0d5e53d elementor-widget elementor-widget-image\" data-id=\"0d5e53d\" data-element_type=\"widget\" data-widget_type=\"image.default\">\n\t\t\t\t<div class=\"elementor-widget-container\">\n\t\t\t\t\t\t\t\t\t\t\t\t\t\t\t<img decoding=\"async\" width=\"800\" height=\"533\" src=\"https:\/\/tinytownacademy.com\/wp-content\/uploads\/2025\/01\/468722162_1397075214959490_7565986552612304116_n-1-2-1024x682.webp\" class=\"attachment-large size-large wp-image-1169\" alt=\"\" srcset=\"https:\/\/tinytownacademy.com\/wp-content\/uploads\/2025\/01\/468722162_1397075214959490_7565986552612304116_n-1-2-1024x682.webp 1024w, https:\/\/tinytownacademy.com\/wp-content\/uploads\/2025\/01\/468722162_1397075214959490_7565986552612304116_n-1-2-300x200.webp 300w, https:\/\/tinytownacademy.com\/wp-content\/uploads\/2025\/01\/468722162_1397075214959490_7565986552612304116_n-1-2-768x511.webp 768w, https:\/\/tinytownacademy.com\/wp-content\/uploads\/2025\/01\/468722162_1397075214959490_7565986552612304116_n-1-2-1536x1022.webp 1536w, https:\/\/tinytownacademy.com\/wp-content\/uploads\/2025\/01\/468722162_1397075214959490_7565986552612304116_n-1-2-18x12.webp 18w, https:\/\/tinytownacademy.com\/wp-content\/uploads\/2025\/01\/468722162_1397075214959490_7565986552612304116_n-1-2.webp 1920w\" sizes=\"(max-width: 800px) 100vw, 800px\" \/>\t\t\t\t\t\t\t\t\t\t\t\t\t\t\t<\/div>\n\t\t\t\t<\/div>\n\t\t\t\t\t<\/div>\n\t\t\t\t<\/div>\n\t\t\t\t<\/div>","protected":false},"excerpt":{"rendered":"<p>Conoce Tiny Town Academy Un lugar donde los ni\u00f1os aprenden, juegan y crecen en un ambiente familiar y biling\u00fce Nuestra historia Abrimos nuestras puertas poco despu\u00e9s de la pandemia en 2020, fundadas por Rina y Amy, un alegre d\u00fao de madre e hija con una gran pasi\u00f3n por crear experiencias m\u00e1gicas para la infancia. Con [&hellip;]<\/p>","protected":false},"author":1,"featured_media":0,"parent":0,"menu_order":0,"comment_status":"closed","ping_status":"closed","template":"","meta":{"footnotes":""},"class_list":["post-417","page","type-page","status-publish","hentry"],"_links":{"self":[{"href":"https:\/\/tinytownacademy.com\/en\/wp-json\/wp\/v2\/pages\/417","targetHints":{"allow":["GET"]}}],"collection":[{"href":"https:\/\/tinytownacademy.com\/en\/wp-json\/wp\/v2\/pages"}],"about":[{"href":"https:\/\/tinytownacademy.com\/en\/wp-json\/wp\/v2\/types\/page"}],"author":[{"embeddable":true,"href":"https:\/\/tinytownacademy.com\/en\/wp-json\/wp\/v2\/users\/1"}],"replies":[{"embeddable":true,"href":"https:\/\/tinytownacademy.com\/en\/wp-json\/wp\/v2\/comments?post=417"}],"version-history":[{"count":122,"href":"https:\/\/tinytownacademy.com\/en\/wp-json\/wp\/v2\/pages\/417\/revisions"}],"predecessor-version":[{"id":1262,"href":"https:\/\/tinytownacademy.com\/en\/wp-json\/wp\/v2\/pages\/417\/revisions\/1262"}],"wp:attachment":[{"href":"https:\/\/tinytownacademy.com\/en\/wp-json\/wp\/v2\/media?parent=417"}],"curies":[{"name":"wp","href":"https:\/\/api.w.org\/{rel}","templated":true}]}}