{"id":40,"date":"2025-01-02T11:45:02","date_gmt":"2025-01-02T10:45:02","guid":{"rendered":"https:\/\/tinytownacademy.com\/?page_id=40"},"modified":"2025-03-11T15:22:31","modified_gmt":"2025-03-11T14:22:31","slug":"metodologia","status":"publish","type":"page","link":"https:\/\/tinytownacademy.com\/en\/metodologia\/","title":{"rendered":"METHODOLOGY"},"content":{"rendered":"<div data-elementor-type=\"wp-page\" data-elementor-id=\"40\" class=\"elementor elementor-40\" data-elementor-post-type=\"page\">\n\t\t\t\t<div class=\"elementor-element elementor-element-f563e6a e-flex e-con-boxed elementor-invisible e-con e-parent\" data-id=\"f563e6a\" data-element_type=\"container\" data-settings=\"{&quot;background_background&quot;:&quot;classic&quot;,&quot;animation&quot;:&quot;fadeIn&quot;}\">\n\t\t\t\t\t<div class=\"e-con-inner\">\n\t\t\t\t<div class=\"elementor-element elementor-element-aeb7edd elementor-widget elementor-widget-heading\" data-id=\"aeb7edd\" data-element_type=\"widget\" data-widget_type=\"heading.default\">\n\t\t\t\t<div class=\"elementor-widget-container\">\n\t\t\t\t\t<h2 class=\"elementor-heading-title elementor-size-default\"><span class=\"OYPEnA font-feature-liga-off font-feature-clig-off font-feature-calt-off text-decoration-none text-strikethrough-none\">Our methodologies<\/span><\/h2>\t\t\t\t<\/div>\n\t\t\t\t<\/div>\n\t\t\t\t<div class=\"elementor-element elementor-element-04bd2d5 elementor-widget elementor-widget-heading\" data-id=\"04bd2d5\" data-element_type=\"widget\" data-widget_type=\"heading.default\">\n\t\t\t\t<div class=\"elementor-widget-container\">\n\t\t\t\t\t<h1 class=\"elementor-heading-title elementor-size-default\">An educational approach that encourages curiosity, exploration and learning through play<\/h1>\t\t\t\t<\/div>\n\t\t\t\t<\/div>\n\t\t\t\t\t<\/div>\n\t\t\t\t<\/div>\n\t\t<div class=\"elementor-element elementor-element-b61bddf e-flex e-con-boxed elementor-invisible e-con e-parent\" data-id=\"b61bddf\" data-element_type=\"container\" data-settings=\"{&quot;animation&quot;:&quot;fadeInLeft&quot;}\">\n\t\t\t\t\t<div class=\"e-con-inner\">\n\t\t<div class=\"elementor-element elementor-element-5116cf5 e-con-full e-flex e-con e-child\" data-id=\"5116cf5\" data-element_type=\"container\">\n\t\t\t\t<div class=\"elementor-element elementor-element-d27b12a elementor-widget elementor-widget-heading\" data-id=\"d27b12a\" data-element_type=\"widget\" data-widget_type=\"heading.default\">\n\t\t\t\t<div class=\"elementor-widget-container\">\n\t\t\t\t\t<h3 class=\"elementor-heading-title elementor-size-default\">Methodology<\/h3>\t\t\t\t<\/div>\n\t\t\t\t<\/div>\n\t\t\t\t<div class=\"elementor-element elementor-element-e509a18 elementor-widget elementor-widget-text-editor\" data-id=\"e509a18\" data-element_type=\"widget\" data-widget_type=\"text-editor.default\">\n\t\t\t\t<div class=\"elementor-widget-container\">\n\t\t\t\t\t\t\t\t\t<p>We nurture children's natural curiosity and creativity through a project-based learning approach that places them at the heart of the educational process. This method encourages children to actively explore the world around them, inspiring them to ask questions, seek answers, and build their own knowledge through meaningful experiences.<\/p><p>Our philosophy emphasizes the importance of hands-on exploration, allowing children to investigate topics that spark their interest while fostering cognitive, social, and emotional development.<\/p>\t\t\t\t\t\t\t\t<\/div>\n\t\t\t\t<\/div>\n\t\t\t\t<\/div>\n\t\t<div class=\"elementor-element elementor-element-a49d3dc e-con-full e-flex e-con e-child\" data-id=\"a49d3dc\" data-element_type=\"container\">\n\t\t\t\t<div class=\"elementor-element elementor-element-7e04dbd elementor-widget elementor-widget-image\" data-id=\"7e04dbd\" data-element_type=\"widget\" data-widget_type=\"image.default\">\n\t\t\t\t<div class=\"elementor-widget-container\">\n\t\t\t\t\t\t\t\t\t\t\t\t\t\t\t<img fetchpriority=\"high\" decoding=\"async\" width=\"800\" height=\"800\" src=\"https:\/\/tinytownacademy.com\/wp-content\/uploads\/2025\/01\/340918447_1503585910165560_421238739423178181_n-1024x1024.webp\" class=\"attachment-large size-large wp-image-1263\" alt=\"\" srcset=\"https:\/\/tinytownacademy.com\/wp-content\/uploads\/2025\/01\/340918447_1503585910165560_421238739423178181_n-1024x1024.webp 1024w, https:\/\/tinytownacademy.com\/wp-content\/uploads\/2025\/01\/340918447_1503585910165560_421238739423178181_n-300x300.webp 300w, https:\/\/tinytownacademy.com\/wp-content\/uploads\/2025\/01\/340918447_1503585910165560_421238739423178181_n-150x150.webp 150w, https:\/\/tinytownacademy.com\/wp-content\/uploads\/2025\/01\/340918447_1503585910165560_421238739423178181_n-768x768.webp 768w, https:\/\/tinytownacademy.com\/wp-content\/uploads\/2025\/01\/340918447_1503585910165560_421238739423178181_n-12x12.webp 12w, https:\/\/tinytownacademy.com\/wp-content\/uploads\/2025\/01\/340918447_1503585910165560_421238739423178181_n.webp 1080w\" sizes=\"(max-width: 800px) 100vw, 800px\" \/>\t\t\t\t\t\t\t\t\t\t\t\t\t\t\t<\/div>\n\t\t\t\t<\/div>\n\t\t\t\t<\/div>\n\t\t\t\t\t<\/div>\n\t\t\t\t<\/div>\n\t\t<div class=\"elementor-element elementor-element-7490dae e-flex e-con-boxed elementor-invisible e-con e-parent\" data-id=\"7490dae\" data-element_type=\"container\" data-settings=\"{&quot;animation&quot;:&quot;fadeInRight&quot;}\">\n\t\t\t\t\t<div class=\"e-con-inner\">\n\t\t<div class=\"elementor-element elementor-element-f276d8e e-con-full e-flex e-con e-child\" data-id=\"f276d8e\" data-element_type=\"container\">\n\t\t\t\t<div class=\"elementor-element elementor-element-0b2dcdd elementor-widget elementor-widget-heading\" data-id=\"0b2dcdd\" data-element_type=\"widget\" data-widget_type=\"heading.default\">\n\t\t\t\t<div class=\"elementor-widget-container\">\n\t\t\t\t\t<h3 class=\"elementor-heading-title elementor-size-default\">Our priority<\/h3>\t\t\t\t<\/div>\n\t\t\t\t<\/div>\n\t\t\t\t<div class=\"elementor-element elementor-element-6938feb elementor-icon-list--layout-traditional elementor-list-item-link-full_width elementor-widget elementor-widget-icon-list\" data-id=\"6938feb\" data-element_type=\"widget\" data-widget_type=\"icon-list.default\">\n\t\t\t\t<div class=\"elementor-widget-container\">\n\t\t\t\t\t\t\t<ul class=\"elementor-icon-list-items\">\n\t\t\t\t\t\t\t<li class=\"elementor-icon-list-item\">\n\t\t\t\t\t\t\t\t\t\t\t<span class=\"elementor-icon-list-icon\">\n\t\t\t\t\t\t\t<svg aria-hidden=\"true\" class=\"e-font-icon-svg e-fas-check\" viewbox=\"0 0 512 512\" xmlns=\"http:\/\/www.w3.org\/2000\/svg\"><path d=\"M173.898 439.404l-166.4-166.4c-9.997-9.997-9.997-26.206 0-36.204l36.203-36.204c9.997-9.998 26.207-9.998 36.204 0L192 312.69 432.095 72.596c9.997-9.997 26.207-9.997 36.204 0l36.203 36.204c9.997 9.997 9.997 26.206 0 36.204l-294.4 294.401c-9.998 9.997-26.207 9.997-36.204-.001z\"><\/path><\/svg>\t\t\t\t\t\t<\/span>\n\t\t\t\t\t\t\t\t\t\t<span class=\"elementor-icon-list-text\">Developing fundamental life skills, such as self-expression, independence, and basic hygiene.<\/span>\n\t\t\t\t\t\t\t\t\t<\/li>\n\t\t\t\t\t\t\t\t<li class=\"elementor-icon-list-item\">\n\t\t\t\t\t\t\t\t\t\t\t<span class=\"elementor-icon-list-icon\">\n\t\t\t\t\t\t\t<svg aria-hidden=\"true\" class=\"e-font-icon-svg e-fas-check\" viewbox=\"0 0 512 512\" xmlns=\"http:\/\/www.w3.org\/2000\/svg\"><path d=\"M173.898 439.404l-166.4-166.4c-9.997-9.997-9.997-26.206 0-36.204l36.203-36.204c9.997-9.998 26.207-9.998 36.204 0L192 312.69 432.095 72.596c9.997-9.997 26.207-9.997 36.204 0l36.203 36.204c9.997 9.997 9.997 26.206 0 36.204l-294.4 294.401c-9.998 9.997-26.207 9.997-36.204-.001z\"><\/path><\/svg>\t\t\t\t\t\t<\/span>\n\t\t\t\t\t\t\t\t\t\t<span class=\"elementor-icon-list-text\">Encouraging social interactions to help children form friendships and thrive in group settings.<\/span>\n\t\t\t\t\t\t\t\t\t<\/li>\n\t\t\t\t\t\t\t\t<li class=\"elementor-icon-list-item\">\n\t\t\t\t\t\t\t\t\t\t\t<span class=\"elementor-icon-list-icon\">\n\t\t\t\t\t\t\t<svg aria-hidden=\"true\" class=\"e-font-icon-svg e-fas-check\" viewbox=\"0 0 512 512\" xmlns=\"http:\/\/www.w3.org\/2000\/svg\"><path d=\"M173.898 439.404l-166.4-166.4c-9.997-9.997-9.997-26.206 0-36.204l36.203-36.204c9.997-9.998 26.207-9.998 36.204 0L192 312.69 432.095 72.596c9.997-9.997 26.207-9.997 36.204 0l36.203 36.204c9.997 9.997 9.997 26.206 0 36.204l-294.4 294.401c-9.998 9.997-26.207 9.997-36.204-.001z\"><\/path><\/svg>\t\t\t\t\t\t<\/span>\n\t\t\t\t\t\t\t\t\t\t<span class=\"elementor-icon-list-text\">Promoting respectful communication and a strong sense of environmental stewardship.<\/span>\n\t\t\t\t\t\t\t\t\t<\/li>\n\t\t\t\t\t\t<\/ul>\n\t\t\t\t\t\t<\/div>\n\t\t\t\t<\/div>\n\t\t\t\t<div class=\"elementor-element elementor-element-b78f106 elementor-widget elementor-widget-text-editor\" data-id=\"b78f106\" data-element_type=\"widget\" data-widget_type=\"text-editor.default\">\n\t\t\t\t<div class=\"elementor-widget-container\">\n\t\t\t\t\t\t\t\t\t<p>Our child-centered environment supports curiosity and exploration. Through themed projects, we integrate art, music, storytelling, and play, cultivating a holistic understanding of the world. We value both structured activities and free play, actively guiding children to deepen their learning with thoughtful questions and encouragement.<\/p>\t\t\t\t\t\t\t\t<\/div>\n\t\t\t\t<\/div>\n\t\t\t\t<\/div>\n\t\t<div class=\"elementor-element elementor-element-57cb694 e-con-full e-flex e-con e-child\" data-id=\"57cb694\" data-element_type=\"container\">\n\t\t\t\t<div class=\"elementor-element elementor-element-7f146c7 elementor-widget elementor-widget-image\" data-id=\"7f146c7\" data-element_type=\"widget\" data-widget_type=\"image.default\">\n\t\t\t\t<div class=\"elementor-widget-container\">\n\t\t\t\t\t\t\t\t\t\t\t\t\t\t\t<img decoding=\"async\" width=\"800\" height=\"800\" src=\"https:\/\/tinytownacademy.com\/wp-content\/uploads\/2025\/01\/Diseno-sin-titulo-1.webp\" class=\"attachment-large size-large wp-image-567\" alt=\"\" srcset=\"https:\/\/tinytownacademy.com\/wp-content\/uploads\/2025\/01\/Diseno-sin-titulo-1.webp 1024w, https:\/\/tinytownacademy.com\/wp-content\/uploads\/2025\/01\/Diseno-sin-titulo-1-300x300.webp 300w, https:\/\/tinytownacademy.com\/wp-content\/uploads\/2025\/01\/Diseno-sin-titulo-1-150x150.webp 150w, https:\/\/tinytownacademy.com\/wp-content\/uploads\/2025\/01\/Diseno-sin-titulo-1-768x768.webp 768w\" sizes=\"(max-width: 800px) 100vw, 800px\" \/>\t\t\t\t\t\t\t\t\t\t\t\t\t\t\t<\/div>\n\t\t\t\t<\/div>\n\t\t\t\t<\/div>\n\t\t\t\t\t<\/div>\n\t\t\t\t<\/div>\n\t\t<div class=\"elementor-element elementor-element-62be473 e-flex e-con-boxed elementor-invisible e-con e-parent\" data-id=\"62be473\" data-element_type=\"container\" data-settings=\"{&quot;animation&quot;:&quot;fadeInLeft&quot;}\">\n\t\t\t\t\t<div class=\"e-con-inner\">\n\t\t<div class=\"elementor-element elementor-element-021a4fc e-con-full e-flex e-con e-child\" data-id=\"021a4fc\" data-element_type=\"container\">\n\t\t\t\t<div class=\"elementor-element elementor-element-702e762 elementor-widget elementor-widget-heading\" data-id=\"702e762\" data-element_type=\"widget\" data-widget_type=\"heading.default\">\n\t\t\t\t<div class=\"elementor-widget-container\">\n\t\t\t\t\t<h3 class=\"elementor-heading-title elementor-size-default\">How we achieve this<\/h3>\t\t\t\t<\/div>\n\t\t\t\t<\/div>\n\t\t\t\t<div class=\"elementor-element elementor-element-9b3c19d elementor-widget elementor-widget-text-editor\" data-id=\"9b3c19d\" data-element_type=\"widget\" data-widget_type=\"text-editor.default\">\n\t\t\t\t<div class=\"elementor-widget-container\">\n\t\t\t\t\t\t\t\t\t<p>Children learn best through direct experiences. Our unique classroom design invites discovery and encourages a hands-on approach to learning. By adopting a partially child-led method, we empower children to explore their own interests, building confidence and fostering a lifelong love of learning.<\/p><p>Experience the joy of early education reimagined at Tiny Town Academy, where every child\u2019s\npotential is celebrated and nurtured.<\/p>\t\t\t\t\t\t\t\t<\/div>\n\t\t\t\t<\/div>\n\t\t\t\t<\/div>\n\t\t<div class=\"elementor-element elementor-element-da16e8b e-con-full e-flex e-con e-child\" data-id=\"da16e8b\" data-element_type=\"container\">\n\t\t\t\t<div class=\"elementor-element elementor-element-c02d960 elementor-widget elementor-widget-image\" data-id=\"c02d960\" data-element_type=\"widget\" data-widget_type=\"image.default\">\n\t\t\t\t<div class=\"elementor-widget-container\">\n\t\t\t\t\t\t\t\t\t\t\t\t\t\t\t<img decoding=\"async\" width=\"800\" height=\"800\" src=\"https:\/\/tinytownacademy.com\/wp-content\/uploads\/2025\/01\/1734676561916-1.webp\" class=\"attachment-large size-large wp-image-527\" alt=\"\" srcset=\"https:\/\/tinytownacademy.com\/wp-content\/uploads\/2025\/01\/1734676561916-1.webp 1024w, https:\/\/tinytownacademy.com\/wp-content\/uploads\/2025\/01\/1734676561916-1-300x300.webp 300w, https:\/\/tinytownacademy.com\/wp-content\/uploads\/2025\/01\/1734676561916-1-150x150.webp 150w, https:\/\/tinytownacademy.com\/wp-content\/uploads\/2025\/01\/1734676561916-1-768x768.webp 768w\" sizes=\"(max-width: 800px) 100vw, 800px\" \/>\t\t\t\t\t\t\t\t\t\t\t\t\t\t\t<\/div>\n\t\t\t\t<\/div>\n\t\t\t\t<\/div>\n\t\t\t\t\t<\/div>\n\t\t\t\t<\/div>\n\t\t<div class=\"elementor-element elementor-element-7d1208c e-flex e-con-boxed e-con e-parent\" data-id=\"7d1208c\" data-element_type=\"container\" data-settings=\"{&quot;background_background&quot;:&quot;classic&quot;}\">\n\t\t\t\t\t<div class=\"e-con-inner\">\n\t\t\t\t<div class=\"elementor-element elementor-element-c12f68c elementor-widget__width-initial elementor-widget elementor-widget-heading\" data-id=\"c12f68c\" data-element_type=\"widget\" data-widget_type=\"heading.default\">\n\t\t\t\t<div class=\"elementor-widget-container\">\n\t\t\t\t\t<h2 class=\"elementor-heading-title elementor-size-default\">Discover why so many families trust Tiny Town Academy for the care and development of their little ones<\/h2>\t\t\t\t<\/div>\n\t\t\t\t<\/div>\n\t\t\t\t<div class=\"elementor-element elementor-element-d2e2201 elementor-align-center elementor-widget elementor-widget-button\" data-id=\"d2e2201\" data-element_type=\"widget\" data-widget_type=\"button.default\">\n\t\t\t\t<div class=\"elementor-widget-container\">\n\t\t\t\t\t\t\t\t\t<div class=\"elementor-button-wrapper\">\n\t\t\t\t\t<a class=\"elementor-button elementor-button-link elementor-size-sm\" href=\"https:\/\/tinytownacademy.com\/en\/contacto\/\">\n\t\t\t\t\t\t<span class=\"elementor-button-content-wrapper\">\n\t\t\t\t\t\t\t\t\t<span class=\"elementor-button-text\">Schedule a visit<\/span>\n\t\t\t\t\t<\/span>\n\t\t\t\t\t<\/a>\n\t\t\t\t<\/div>\n\t\t\t\t\t\t\t\t<\/div>\n\t\t\t\t<\/div>\n\t\t\t\t\t<\/div>\n\t\t\t\t<\/div>\n\t\t\t\t<\/div>","protected":false},"excerpt":{"rendered":"<p>Nuestra metodolog\u00eda Un enfoque educativo que fomenta la curiosidad, la exploraci\u00f3n y el aprendizaje a trav\u00e9s del juego Metodolog\u00eda Fomentamos la curiosidad y la creatividad innata de los ni\u00f1os a trav\u00e9s de un enfoque de aprendizaje basado en proyectos, que pone al ni\u00f1o en el centro del proceso educativo. Este enfoque permite que los peque\u00f1os [&hellip;]<\/p>","protected":false},"author":1,"featured_media":0,"parent":0,"menu_order":0,"comment_status":"closed","ping_status":"closed","template":"","meta":{"footnotes":""},"class_list":["post-40","page","type-page","status-publish","hentry"],"_links":{"self":[{"href":"https:\/\/tinytownacademy.com\/en\/wp-json\/wp\/v2\/pages\/40","targetHints":{"allow":["GET"]}}],"collection":[{"href":"https:\/\/tinytownacademy.com\/en\/wp-json\/wp\/v2\/pages"}],"about":[{"href":"https:\/\/tinytownacademy.com\/en\/wp-json\/wp\/v2\/types\/page"}],"author":[{"embeddable":true,"href":"https:\/\/tinytownacademy.com\/en\/wp-json\/wp\/v2\/users\/1"}],"replies":[{"embeddable":true,"href":"https:\/\/tinytownacademy.com\/en\/wp-json\/wp\/v2\/comments?post=40"}],"version-history":[{"count":151,"href":"https:\/\/tinytownacademy.com\/en\/wp-json\/wp\/v2\/pages\/40\/revisions"}],"predecessor-version":[{"id":1282,"href":"https:\/\/tinytownacademy.com\/en\/wp-json\/wp\/v2\/pages\/40\/revisions\/1282"}],"wp:attachment":[{"href":"https:\/\/tinytownacademy.com\/en\/wp-json\/wp\/v2\/media?parent=40"}],"curies":[{"name":"wp","href":"https:\/\/api.w.org\/{rel}","templated":true}]}}